{"id":28157,"date":"2024-11-16T20:37:36","date_gmt":"2024-11-16T20:37:36","guid":{"rendered":"https:\/\/eryamandentport.com.tr\/?page_id=28157"},"modified":"2024-11-16T21:07:23","modified_gmt":"2024-11-16T21:07:23","slug":"gizlilik-ve-cerez-politikasi","status":"publish","type":"page","link":"https:\/\/eryamandentport.com.tr\/en\/gizlilik-ve-cerez-politikasi\/","title":{"rendered":"Privacy and Cookie Policy"},"content":{"rendered":"<div data-elementor-type=\"wp-page\" data-elementor-id=\"28157\" class=\"elementor elementor-28157\">\n\t\t\t\t\t\t<section class=\"elementor-section elementor-top-section elementor-element elementor-element-4030b8d elementor-section-boxed elementor-section-height-default elementor-section-height-default\" data-id=\"4030b8d\" data-element_type=\"section\" data-settings=\"{&quot;background_background&quot;:&quot;classic&quot;}\">\n\t\t\t\t\t\t\t<div class=\"elementor-background-overlay\"><\/div>\n\t\t\t\t\t\t\t<div class=\"elementor-container elementor-column-gap-default\">\n\t\t\t\t\t<div class=\"elementor-column elementor-col-100 elementor-top-column elementor-element elementor-element-0c88a02\" data-id=\"0c88a02\" data-element_type=\"column\">\n\t\t\t<div class=\"elementor-widget-wrap elementor-element-populated\">\n\t\t\t\t\t\t<section class=\"elementor-section elementor-inner-section elementor-element elementor-element-eb161f4 elementor-section-boxed elementor-section-height-default elementor-section-height-default elementor-invisible\" data-id=\"eb161f4\" data-element_type=\"section\" data-settings=\"{&quot;animation&quot;:&quot;fadeIn&quot;,&quot;animation_delay&quot;:100}\">\n\t\t\t\t\t\t<div class=\"elementor-container elementor-column-gap-default\">\n\t\t\t\t\t<div class=\"elementor-column elementor-col-100 elementor-inner-column elementor-element elementor-element-31b27fa\" data-id=\"31b27fa\" data-element_type=\"column\">\n\t\t\t<div class=\"elementor-widget-wrap elementor-element-populated\">\n\t\t\t\t\t\t<div class=\"elementor-element elementor-element-3c867fc elementor-widget-mobile__width-inherit elementor-widget elementor-widget-text-editor\" data-id=\"3c867fc\" data-element_type=\"widget\" data-widget_type=\"text-editor.default\">\n\t\t\t\t<div class=\"elementor-widget-container\">\n\t\t\t\t\t\t\t<p><span style=\"color: #4268d2;\">Privacy and Cookie Policy<\/span><\/p>\t\t\t\t\t\t<\/div>\n\t\t\t\t<\/div>\n\t\t\t\t\t<\/div>\n\t\t<\/div>\n\t\t\t\t\t<\/div>\n\t\t<\/section>\n\t\t\t\t\t<\/div>\n\t\t<\/div>\n\t\t\t\t\t<\/div>\n\t\t<\/section>\n\t\t\t\t<section class=\"elementor-section elementor-top-section elementor-element elementor-element-b2971e6 elementor-section-boxed elementor-section-height-default elementor-section-height-default\" data-id=\"b2971e6\" data-element_type=\"section\" data-settings=\"{&quot;background_background&quot;:&quot;classic&quot;}\">\n\t\t\t\t\t\t\t<div class=\"elementor-background-overlay\"><\/div>\n\t\t\t\t\t\t\t<div class=\"elementor-container elementor-column-gap-default\">\n\t\t\t\t\t<div class=\"elementor-column elementor-col-100 elementor-top-column elementor-element elementor-element-f76b20d\" data-id=\"f76b20d\" data-element_type=\"column\">\n\t\t\t<div class=\"elementor-widget-wrap elementor-element-populated\">\n\t\t\t\t\t\t<div class=\"elementor-element elementor-element-cbd5827 elementor-widget elementor-widget-text-editor\" data-id=\"cbd5827\" data-element_type=\"widget\" data-widget_type=\"text-editor.default\">\n\t\t\t\t<div class=\"elementor-widget-container\">\n\t\t\t\t\t\t\t<p>This Privacy and Cookie Policy, \"Dentporte Oral and Dental Health Polyclini\u011fi (\"<strong>Dentporte<\/strong>\") Eryaman Port AVM, D Blok, No: 2-17-18 Etimesgut\/ANKARA\" <a href=\"https:\/\/eryamandentport.com.tr\/en\/\">https:\/\/eryamandentport.com.tr<\/a> It has been prepared for the purpose of informing website visitors regarding the cookies used on the website.<\/p><h2 class=\"wp-block-heading\"><strong>Privacy Policy and Terms of Use<\/strong><\/h2><p><strong>Dentporte<\/strong>\u00a0will not disclose the name, address and other personal information notified to the website to third parties unless there is a legal obligation and will take administrative and technical measures to ensure that the assistants it employs comply with this issue.<\/p><p>Terms of use and privacy\u00a0<strong>To Dentporte<\/strong>\u00a0https:\/\/eryamandentport.com.tr and the <b>Dentporte<\/b>\u00a0logo on all microsites listed on this page. This applies to\u00a0<strong>Dentporte<\/strong>\u00a0and microsites, you should review the terms of use and privacy policy on those sites. On any site other than these sites\u00a0<strong>Dentporte<\/strong>'s logo does not mean that these security and privacy rules apply to that site.<\/p><p>Legal rights provided in all material on https:\/\/eryamandentport.com.tr\u00a0<strong>Dentporte<\/strong>\u00a0Users may use the information and documents for informational purposes only, and the information published is published for no commercial purpose whatsoever. Copying is permitted only for your personal, non-commercial use. Except as provided herein, no material may be copied, reproduced, reproduced, distributed, displayed, uploaded, replayed, posted, transmitted by transmission, internally, including, but not limited to, electronically, mechanically, photocopied, recorded or otherwise reproduced in any form.<\/p><p>Updating, changing, removing or editing the information contained on this website\u00a0<strong>To Dentporte<\/strong>\u00a0and has all rights in this regard.<\/p><p>Failure to update the information on the site to include accuracy for various reasons; delay in revision, due to a possible inaccuracy or deficiency or change in the site <strong>To Dentporte<\/strong>\u00a0no responsibility can be assumed under any name. The date of the update, contrary to the matters stated\u00a0<strong>Dentporte\u00a0<\/strong>does not obligate it in any way.<\/p><p><strong>To Dentporte<\/strong>\u00a0The person or persons accessing the website and related microsites have accepted the latest version of the Terms of Use and the visitor on the relevant website has all responsibilities regarding all kinds of decisions in line with the information on the site.<\/p><p><strong>Dentporte<\/strong>\u00a0any direct or indirect loss or damage arising out of access to or use of this website or any website accessed by linking from this website,\u00a0<strong>Dentporte<\/strong>\u00a0cannot be held responsible.<\/p><p><strong>Dentporte<\/strong>When trademarks and service marks owned or licensed by the Company are quoted, <b>Dentporte<\/b>'s name must be mentioned in this citation. <b>Dentporte<\/b>\u00a0does not claim any ownership rights or affinity in any third-party marks appearing on this Website. Such third-party trademarks are used solely to identify the original owners of the products and services, and you are not responsible for the use of such trademarks.\u00a0<strong>Dentporte<\/strong>'s sponsorship or endorsement of the aforementioned brands.<\/p><p><strong>https:\/\/eryamandentport.com.tr<\/strong>\u00a0You can visit all sections other than Online Services and Contact Forms on microsites and microsites as often as you wish without providing your personal information, read the necessary explanations and have more detailed information about our Company. In order to use our Online Services sections, you must fill in your personal information accurately and completely.<\/p><p><strong>https:\/\/eryamandentport.com.tr<\/strong>\u00a0The information you provide to our page will not be shared with third parties in any way, this information you provide will be used to ensure that the relevant institution reaches you in a shorter time and to inform you.<\/p><p>Every time you visit our website, your IP address is anonymously recorded.<\/p><p>Copyright of the information or expressions (such as designs, images, logos, etc.) contained on this site\u00a0<strong>Dentporte<\/strong>belongs to\u00a0<strong>Dentporte<\/strong>may not be used in any manner whatsoever without the permission of the Company.<\/p><p>Users may use the information and documents for information purposes only. Information available here <b>Dentporte<\/b>This site may not be copied, distributed, rented, reproduced, sublicensed, modified, stored for future use, used or made available for commercial purposes in any way, in whole or in part, without the prior written permission of the Company. Access to this site is free and anonymous.<\/p><h2 class=\"wp-block-heading\"><strong>What is a Cookie?<\/strong><\/h2><p>Cookies are text files that are stored by a website on your computer or other device when you visit a website. Through cookies, information that will improve the user experience on the website, such as the preferences you make when you visit websites and your login information, is stored by the web browser you use to access the website.<\/p><p>Cookies are used on the site in order for Data Subjects to benefit from the site in the most efficient way and to improve the user experience. If you do not prefer the use of cookies, you can delete or block cookies in your browser settings. However, we would like to remind you that it may affect your use of the site.<\/p><figure class=\"wp-block-table is-style-stripes\"><table><tbody><tr><td><strong>Cookie Type<\/strong><\/td><td><strong>Description<\/strong><\/td><\/tr><tr><td><strong>Primary Cookies<\/strong><\/td><td>\u00a0Cookies placed by the website being visited.<\/td><\/tr><tr><td><strong>Third Party Cookies<\/strong><\/td><td>\u00a0It is generated by sites other than the website you are visiting. These sites own some of the content you see on the web page you visit, such as advertisements or images.<\/td><\/tr><tr><td><strong>Mandatory Cookies<\/strong><\/td><td>\u00a0These are cookies that must be used in order for you to use and navigate the websites.<\/td><\/tr><tr><td><strong>Session Cookies<\/strong><\/td><td>\u00a0It is used to ensure that the transactions made during the navigation between the pages on the visited website can be tracked. While these types of cookies will be deleted automatically when you close your browser, temporary and persistent cookies will be stored until they are deleted manually by you or by your browser with periods in temporary cookie files.<\/td><\/tr><tr><td><strong>Functionality Cookies<\/strong><\/td><td>\u00a0These types of cookies are used to ensure that the preferences you have made during your browsing on the website are remembered by the relevant website. In this way, a customized and improved website service is provided by facilitating the use of visitors.<\/td><\/tr><tr><td><strong>Performance Cookies<\/strong><\/td><td>\u00a0The number of visitors to the website, how often the website is visited, error messages and other information is collected. Such cookies are used to improve the performance of the relevant website.<\/td><\/tr><tr><td><strong>Targeting\/Advertising<\/strong><\/td><td>\u00a0Cookies are used to customize the advertisements offered to Users through the website.<\/td><\/tr><\/tbody><\/table><\/figure><h2 class=\"wp-block-heading\"><strong>What are the Reasons for Using Cookies?<\/strong><\/h2><p>The cookies used on our website are used only for the purposes set out below and are not used for the purposes of determining the internet usage of visitors to our website or creating visitor profiles.<\/p><p>Accordingly, the cookies on our website;<\/p><p>1. To facilitate the use of our website by distinguishing users and providing services in accordance with user preferences (remembering language selection, providing services according to user location, etc.),<\/p><p>2. Improving our website by identifying deficiencies and errors encountered during the use of our website,<\/p><p>3. It is used to ensure the proper use of our website.<\/p><p>4. To improve the services offered to you by enhancing the functionality and performance of the website,<\/p><p>5. To improve the Website and to offer new features through the Website and to personalize the features offered according to your preferences;<\/p><p>6. To ensure the legal and commercial security of the Website, you and our Company.<\/p><p>For more detailed information on cookies\u00a0<a href=\"http:\/\/www.aboutcookies.org\/\">www.aboutcookies.org<\/a>\u00a0you can visit our website.<\/p><p>The cookies used on our website are used only for these purposes, and regarding your personal data processed through cookies\u00a0<strong>Dentporte\u00a0<\/strong>You can read the Policy on the Protection and Processing of Personal Data.<\/p><h2 class=\"wp-block-heading\"><strong>Management of Cookies<\/strong><\/h2><p>In general, web browsers work in a way to automatically accept cookies. Depending on the web browser you are using; you can make changes such as warning about cookies used when you visit websites before accepting them, blocking all cookies and other issues.<\/p><p>If you visit our website from different devices, you need to change the browser settings for each device.<\/p><p>We would like to inform you that if you block the cookies used on our website, the efficiency of our website will decrease and our website may not function properly.<\/p><p>- For more detailed information about cookies, you can review the following website:\u00a0<a href=\"http:\/\/www.aboutcookies.org\/\">www.aboutcookies.org<\/a><\/p><p>- For more detailed information about cookie settings in internet browsers, you can review the links below.<\/p><p>- For Google Chrome:<\/p><p>-\u00a0<a href=\"https:\/\/support.google.com\/chrome\/answer\/95647?co=GENIE.Platform=Desktop&amp;hl=tr\">https:\/\/support.google.com\/chrome\/answer\/95647?co=GENIE.Platform%3DDesktop&amp;hl=tr<\/a><\/p><p>- For Mozilla Firefox:<\/p><p>-\u00a0<a href=\"https:\/\/support.mozilla.org\/tr\/kb\/cerezleri-silme-web-sitelerinin-bilgilerini-kaldirma\">https:\/\/support.mozilla.org\/tr\/kb\/cerezleri-silme-web-sitelerinin-bilgilerini-kaldirma<\/a>\u00a0For Microsoft Internet Explorer:<\/p><p>-\u00a0<a href=\"https:\/\/support.microsoft.com\/tr-tr\/help\/17442\/windows-internet-explorer-delete-manage-cookies\">https:\/\/support.microsoft.com\/tr-tr\/help\/17442\/windows-internet-explorer-delete-manage-cookies<\/a><\/p><h2 class=\"wp-block-heading\"><strong>Can the Use of Cookies be Blocked by Data Subjects?<\/strong><\/h2><p>Data subjects have the possibility to customize their preferences regarding cookies by changing their browser settings. If the browser used offers this possibility, it is possible to change the preferences regarding Cookies through the browser settings. Thus, although it may vary depending on the possibilities offered by the browser, data subjects have the opportunity to prevent the use of cookies, to prefer to receive a warning before the cookie is used, or to disable or delete only some Cookies.<\/p><p>Preferences regarding cookies may need to be made separately for each device that the user accesses the site.<\/p><figure class=\"wp-block-table is-style-stripes\"><table><tbody><tr><td><strong>Software<\/strong><\/td><td><strong>Connection<\/strong><\/td><\/tr><tr><td>Adobe Analytics<\/td><td><strong><a href=\"http:\/\/www.adobe.com\/uk\/privacy\/opt-out.html\">http:\/\/www.adobe.com\/uk\/privacy\/opt-out.html<\/a><\/strong><\/td><\/tr><tr><td>AOL<\/td><td><strong><a href=\"https:\/\/help.aol.com\/articles\/restore-security-settings-and-enable-cookie-settings-on-browser\">https:\/\/help.aol.com\/articles\/restore-security-settings-and-enable-cookie-settings-on-browser<\/a><\/strong><\/td><\/tr><tr><td>Google Adwords<\/td><td><strong><a href=\"https:\/\/support.google.com\/ads\/answer\/2662922?hl=en\">https:\/\/support.google.com\/ads\/answer\/2662922?hl=en<\/a><\/strong><\/td><\/tr><tr><td>Google Analytics<\/td><td><strong><a href=\"https:\/\/tools.google.com\/dlpage\/gaoptout\">https:\/\/tools.google.com\/dlpage\/gaoptout<\/a><\/strong><\/td><\/tr><tr><td>Google Chrome<\/td><td><strong><a href=\"http:\/\/www.google.com\/support\/chrome\/bin\/answer.py?hl=en&amp;answer=95647\">http:\/\/www.google.com\/support\/chrome\/bin\/answer.py?hl=en&amp;answer=95647<\/a><\/strong><\/td><\/tr><tr><td>Internet Explorer<\/td><td><strong><a href=\"https:\/\/support.microsoft.com\/en-us\/help\/17442\/windows-internet-explorer-delete-manage-cookies\">https:\/\/support.microsoft.com\/en-us\/help\/17442\/windows-internet-explorer-delete-manage-cookies<\/a><\/strong><\/td><\/tr><tr><td>MozillaFirefox<\/td><td><strong><a href=\"http:\/\/support.mozilla.com\/en-US\/kb\/Cookies\">http:\/\/support.mozilla.com\/en-US\/kb\/Cookies<\/a><\/strong><\/td><\/tr><tr><td>Opera<\/td><td><strong><a href=\"http:\/\/www.opera.com\/browser\/tutorials\/security\/privacy\/\">http:\/\/www.opera.com\/browser\/tutorials\/security\/privacy\/<\/a><\/strong><\/td><\/tr><tr><td>Safari<\/td><td><strong><a href=\"https:\/\/support.apple.com\/kb\/ph19214?locale=tr_TR\">https:\/\/support.apple.com\/kb\/ph19214?locale=tr_TR<\/a><\/strong><\/td><\/tr><\/tbody><\/table><\/figure><h2 class=\"wp-block-heading\"><strong>Warning Text for Website Visitors<\/strong><\/h2><p>Cookies are used on our website. For detailed information about cookies, please review the Privacy and Cookie Policy. If you continue, we will accept that you consent to the use of cookies. OK Details<\/p><p>This text will be displayed as a banner at the bottom of the website for those entering the website for the first time and will disappear as soon as they press the OK button. This process means that he\/she accepts that he\/she consents to the use of cookies. If the visitor wants to see the details of what kind of cookies are used, he\/she will be directed to this Privacy and Cookie Policy to read when he\/she clicks the Details button.<\/p><h2 class=\"wp-block-heading\"><strong>Changes to Privacy and Cookie Policy<\/strong><\/h2><p><strong>Dentporte<\/strong>may change the provisions of this Privacy and Cookie Policy at any time. The updated Privacy and Cookie Policy becomes effective on the date it is made available to the Data Subject by any means.<\/p>\t\t\t\t\t\t<\/div>\n\t\t\t\t<\/div>\n\t\t\t\t\t<\/div>\n\t\t<\/div>\n\t\t\t\t\t<\/div>\n\t\t<\/section>\n\t\t\t\t<\/div>","protected":false},"excerpt":{"rendered":"<p>Gizlilik ve \u00c7erez Politikas\u0131 Bu Gizlilik ve \u00c7erez Politikas\u0131, \u201cDentporte A\u011f\u0131z ve Di\u015f Sa\u011fl\u0131\u011f\u0131 Poliklini\u011fi (\u201cDentporte\u201d) Eryaman Port AVM, D Blok, No: 2-17-18 Etimesgut\/ANKARA\u201d taraf\u0131ndan y\u00f6netilen https:\/\/eryamandentport.com.tr adresli web sitesinde kullan\u0131lmakta olan \u00e7erezlere ili\u015fkin olarak, web sitesi ziyaret\u00e7ilerinin bilgilendirilmesi amac\u0131yla haz\u0131rlanm\u0131\u015ft\u0131r. Gizlilik Politikas\u0131 ve Kullan\u0131m \u015eartlar\u0131 Dentporte\u00a0siteye bildirilen isim, adres ve sair \u015fahsi bilgileri yasal [&hellip;]<\/p>","protected":false},"author":1,"featured_media":0,"parent":0,"menu_order":0,"comment_status":"closed","ping_status":"closed","template":"page-templates\/template-full-width-page-without-header-title.php","meta":{"footnotes":""},"class_list":["post-28157","page","type-page","status-publish","hentry"],"_links":{"self":[{"href":"https:\/\/eryamandentport.com.tr\/en\/wp-json\/wp\/v2\/pages\/28157","targetHints":{"allow":["GET"]}}],"collection":[{"href":"https:\/\/eryamandentport.com.tr\/en\/wp-json\/wp\/v2\/pages"}],"about":[{"href":"https:\/\/eryamandentport.com.tr\/en\/wp-json\/wp\/v2\/types\/page"}],"author":[{"embeddable":true,"href":"https:\/\/eryamandentport.com.tr\/en\/wp-json\/wp\/v2\/users\/1"}],"replies":[{"embeddable":true,"href":"https:\/\/eryamandentport.com.tr\/en\/wp-json\/wp\/v2\/comments?post=28157"}],"version-history":[{"count":0,"href":"https:\/\/eryamandentport.com.tr\/en\/wp-json\/wp\/v2\/pages\/28157\/revisions"}],"wp:attachment":[{"href":"https:\/\/eryamandentport.com.tr\/en\/wp-json\/wp\/v2\/media?parent=28157"}],"curies":[{"name":"wp","href":"https:\/\/api.w.org\/{rel}","templated":true}]}}