{"id":27937,"date":"2024-11-15T17:35:30","date_gmt":"2024-11-15T17:35:30","guid":{"rendered":"https:\/\/eryamandentport.com.tr\/?page_id=27937"},"modified":"2024-11-17T16:55:22","modified_gmt":"2024-11-17T13:55:22","slug":"dis-cekimi","status":"publish","type":"page","link":"https:\/\/eryamandentport.com.tr\/en\/dis-cekimi\/","title":{"rendered":"Tooth Extraction"},"content":{"rendered":"<div data-elementor-type=\"wp-page\" data-elementor-id=\"27937\" class=\"elementor elementor-27937\">\n\t\t\t\t\t\t<section class=\"elementor-section elementor-top-section elementor-element elementor-element-9077817 elementor-section-content-bottom elementor-section-boxed elementor-section-height-default elementor-section-height-default\" data-id=\"9077817\" data-element_type=\"section\" data-settings=\"{&quot;background_background&quot;:&quot;classic&quot;}\">\n\t\t\t\t\t\t\t<div class=\"elementor-background-overlay\"><\/div>\n\t\t\t\t\t\t\t<div class=\"elementor-container elementor-column-gap-custom\">\n\t\t\t\t\t<div class=\"elementor-column elementor-col-100 elementor-top-column elementor-element elementor-element-433ccbc\" data-id=\"433ccbc\" data-element_type=\"column\">\n\t\t\t<div class=\"elementor-widget-wrap elementor-element-populated\">\n\t\t\t\t\t\t<section class=\"elementor-section elementor-inner-section elementor-element elementor-element-67a39bf elementor-section-boxed elementor-section-height-default elementor-section-height-default\" data-id=\"67a39bf\" data-element_type=\"section\">\n\t\t\t\t\t\t<div class=\"elementor-container elementor-column-gap-default\">\n\t\t\t\t\t<div class=\"elementor-column elementor-col-66 elementor-inner-column elementor-element elementor-element-75781ba elementor-invisible\" data-id=\"75781ba\" data-element_type=\"column\" data-settings=\"{&quot;animation&quot;:&quot;fadeIn&quot;}\">\n\t\t\t<div class=\"elementor-widget-wrap elementor-element-populated\">\n\t\t\t\t\t\t<div class=\"elementor-element elementor-element-1cb505b elementor-widget elementor-widget-text-editor\" data-id=\"1cb505b\" data-element_type=\"widget\" data-widget_type=\"text-editor.default\">\n\t\t\t\t<div class=\"elementor-widget-container\">\n\t\t\t\t\t\t\t<p><span style=\"color: #4268d2;\">Tooth Extraction<\/span><\/p>\t\t\t\t\t\t<\/div>\n\t\t\t\t<\/div>\n\t\t\t\t\t<\/div>\n\t\t<\/div>\n\t\t\t\t<div class=\"elementor-column elementor-col-33 elementor-inner-column elementor-element elementor-element-9dcecff elementor-invisible\" data-id=\"9dcecff\" data-element_type=\"column\" data-settings=\"{&quot;animation&quot;:&quot;fadeIn&quot;}\">\n\t\t\t<div class=\"elementor-widget-wrap elementor-element-populated\">\n\t\t\t\t\t\t<div class=\"elementor-element elementor-element-d6564a1 elementor-widget elementor-widget-text-editor\" data-id=\"d6564a1\" data-element_type=\"widget\" data-widget_type=\"text-editor.default\">\n\t\t\t\t<div class=\"elementor-widget-container\">\n\t\t\t\t\t\t\t<p>We are at your side for all your dental health needs. Contact us to make an appointment!<\/p>\t\t\t\t\t\t<\/div>\n\t\t\t\t<\/div>\n\t\t\t\t<div class=\"elementor-element elementor-element-19b8eed elementor-tablet-align-center elementor-widget elementor-widget-button\" data-id=\"19b8eed\" data-element_type=\"widget\" data-widget_type=\"button.default\">\n\t\t\t\t<div class=\"elementor-widget-container\">\n\t\t\t\t\t\t\t<div class=\"elementor-button-wrapper\">\n\t\t\t\t\t<a class=\"elementor-button elementor-button-link elementor-size-xl elementor-animation-float\" href=\"\/en\/iletisim\/\">\n\t\t\t\t\t\t<span class=\"elementor-button-content-wrapper\">\n\t\t\t\t\t\t\t\t\t<span class=\"elementor-button-text\">Contact<\/span>\n\t\t\t\t\t<\/span>\n\t\t\t\t\t<\/a>\n\t\t\t\t<\/div>\n\t\t\t\t\t\t<\/div>\n\t\t\t\t<\/div>\n\t\t\t\t\t<\/div>\n\t\t<\/div>\n\t\t\t\t\t<\/div>\n\t\t<\/section>\n\t\t\t\t<section class=\"elementor-section elementor-inner-section elementor-element elementor-element-bd71e16 elementor-section-boxed elementor-section-height-default elementor-section-height-default elementor-invisible\" data-id=\"bd71e16\" data-element_type=\"section\" data-settings=\"{&quot;animation&quot;:&quot;fadeIn&quot;}\">\n\t\t\t\t\t\t<div class=\"elementor-container elementor-column-gap-default\">\n\t\t\t\t\t<div class=\"elementor-column elementor-col-100 elementor-inner-column elementor-element elementor-element-9b861a9\" data-id=\"9b861a9\" data-element_type=\"column\">\n\t\t\t<div class=\"elementor-widget-wrap\">\n\t\t\t\t\t\t\t<\/div>\n\t\t<\/div>\n\t\t\t\t\t<\/div>\n\t\t<\/section>\n\t\t\t\t\t<\/div>\n\t\t<\/div>\n\t\t\t\t\t<\/div>\n\t\t<\/section>\n\t\t\t\t<section class=\"elementor-section elementor-top-section elementor-element elementor-element-543abc7 elementor-section-full_width elementor-section-height-default elementor-section-height-default\" data-id=\"543abc7\" data-element_type=\"section\" data-settings=\"{&quot;background_background&quot;:&quot;classic&quot;}\">\n\t\t\t\t\t\t\t<div class=\"elementor-background-overlay\"><\/div>\n\t\t\t\t\t\t\t<div class=\"elementor-container elementor-column-gap-default\">\n\t\t\t\t\t<div class=\"elementor-column elementor-col-100 elementor-top-column elementor-element elementor-element-9bf492e\" data-id=\"9bf492e\" data-element_type=\"column\">\n\t\t\t<div class=\"elementor-widget-wrap elementor-element-populated\">\n\t\t\t\t\t\t<section class=\"elementor-section elementor-inner-section elementor-element elementor-element-6582a95 elementor-section-boxed elementor-section-height-default elementor-section-height-default\" data-id=\"6582a95\" data-element_type=\"section\">\n\t\t\t\t\t\t<div class=\"elementor-container elementor-column-gap-default\">\n\t\t\t\t\t<div class=\"elementor-column elementor-col-50 elementor-inner-column elementor-element elementor-element-2a8281a elementor-invisible\" data-id=\"2a8281a\" data-element_type=\"column\" data-settings=\"{&quot;animation&quot;:&quot;fadeIn&quot;,&quot;animation_delay&quot;:200,&quot;background_background&quot;:&quot;classic&quot;}\">\n\t\t\t<div class=\"elementor-widget-wrap elementor-element-populated\">\n\t\t\t\t\t\t<div class=\"elementor-element elementor-element-8a89278 elementor-widget elementor-widget-image\" data-id=\"8a89278\" data-element_type=\"widget\" data-settings=\"{&quot;_animation&quot;:&quot;none&quot;}\" data-widget_type=\"image.default\">\n\t\t\t\t<div class=\"elementor-widget-container\">\n\t\t\t\t\t\t\t\t\t\t\t\t\t<img fetchpriority=\"high\" decoding=\"async\" width=\"560\" height=\"720\" src=\"https:\/\/eryamandentport.com.tr\/wp-content\/uploads\/2024\/11\/dentporte-tedavi-hizmetleri-24.png\" class=\"attachment-large size-large wp-image-28243\" alt=\"Dentporte | Tedavilerimiz | Di\u015f \u00c7ekimi\" srcset=\"https:\/\/eryamandentport.com.tr\/wp-content\/uploads\/2024\/11\/dentporte-tedavi-hizmetleri-24.png 560w, https:\/\/eryamandentport.com.tr\/wp-content\/uploads\/2024\/11\/dentporte-tedavi-hizmetleri-24-233x300.png 233w\" sizes=\"(max-width: 560px) 100vw, 560px\" \/>\t\t\t\t\t\t\t\t\t\t\t\t\t<\/div>\n\t\t\t\t<\/div>\n\t\t\t\t\t<\/div>\n\t\t<\/div>\n\t\t\t\t<div class=\"elementor-column elementor-col-50 elementor-inner-column elementor-element elementor-element-834b5b0 elementor-invisible\" data-id=\"834b5b0\" data-element_type=\"column\" data-settings=\"{&quot;animation&quot;:&quot;fadeIn&quot;,&quot;animation_delay&quot;:0}\">\n\t\t\t<div class=\"elementor-widget-wrap elementor-element-populated\">\n\t\t\t\t\t\t<div class=\"elementor-element elementor-element-4bd4778 elementor-widget-mobile__width-inherit elementor-widget elementor-widget-text-editor\" data-id=\"4bd4778\" data-element_type=\"widget\" data-widget_type=\"text-editor.default\">\n\t\t\t\t<div class=\"elementor-widget-container\">\n\t\t\t\t\t\t\t<p>Tooth Extraction<\/p>\t\t\t\t\t\t<\/div>\n\t\t\t\t<\/div>\n\t\t\t\t<div class=\"elementor-element elementor-element-9ea669b elementor-widget elementor-widget-text-editor\" data-id=\"9ea669b\" data-element_type=\"widget\" data-widget_type=\"text-editor.default\">\n\t\t\t\t<div class=\"elementor-widget-container\">\n\t\t\t\t\t\t\t<p>Tooth extraction is the surgical removal of a tooth from its socket (socket) in the bone, performed under local anesthesia. This procedure is usually performed when there are problems in the healing process of the tooth, such as blockage, infection or severe decay.<\/p><p>Tooth extraction is usually performed as an outpatient treatment and the patient does not feel any pain during the procedure.<\/p><p>Treatment options may include replacing the extracted tooth with a denture or dental implant.<\/p>\t\t\t\t\t\t<\/div>\n\t\t\t\t<\/div>\n\t\t\t\t<div class=\"elementor-element elementor-element-e4e7947 elementor-position-left elementor-vertical-align-top elementor-widget elementor-widget-image-box\" data-id=\"e4e7947\" data-element_type=\"widget\" data-widget_type=\"image-box.default\">\n\t\t\t\t<div class=\"elementor-widget-container\">\n\t\t\t<div class=\"elementor-image-box-wrapper\"><figure class=\"elementor-image-box-img\"><img decoding=\"async\" width=\"256\" height=\"256\" src=\"https:\/\/eryamandentport.com.tr\/wp-content\/uploads\/2023\/02\/bright.png\" class=\"attachment-full size-full wp-image-26841\" alt=\"\" srcset=\"https:\/\/eryamandentport.com.tr\/wp-content\/uploads\/2023\/02\/bright.png 256w, https:\/\/eryamandentport.com.tr\/wp-content\/uploads\/2023\/02\/bright-150x150.png 150w\" sizes=\"(max-width: 256px) 100vw, 256px\" \/><\/figure><div class=\"elementor-image-box-content\"><div class=\"elementor-image-box-title\">Attention!<\/div><p class=\"elementor-image-box-description\">After tooth extraction, you may feel pain when the anesthesia wears off. You should use the painkillers recommended by your doctor regularly and avoid eating hard foods, hot or cold drinks at the procedure site. Also, if bleeding persists, it may be helpful to apply cold compresses for a while. You can speed up the healing process by following the care instructions given after the procedure.<\/p><\/div><\/div>\t\t<\/div>\n\t\t\t\t<\/div>\n\t\t\t\t\t<\/div>\n\t\t<\/div>\n\t\t\t\t\t<\/div>\n\t\t<\/section>\n\t\t\t\t<section class=\"elementor-section elementor-inner-section elementor-element elementor-element-95c0066 elementor-reverse-tablet elementor-reverse-mobile elementor-section-boxed elementor-section-height-default elementor-section-height-default\" data-id=\"95c0066\" data-element_type=\"section\">\n\t\t\t\t\t\t<div class=\"elementor-container elementor-column-gap-default\">\n\t\t\t\t\t<div class=\"elementor-column elementor-col-50 elementor-inner-column elementor-element elementor-element-9294ac2 elementor-invisible\" data-id=\"9294ac2\" data-element_type=\"column\" data-settings=\"{&quot;animation&quot;:&quot;fadeIn&quot;,&quot;animation_delay&quot;:0}\">\n\t\t\t<div class=\"elementor-widget-wrap elementor-element-populated\">\n\t\t\t\t\t\t<div class=\"elementor-element elementor-element-f7bae9e elementor-widget-mobile__width-inherit elementor-widget elementor-widget-text-editor\" data-id=\"f7bae9e\" data-element_type=\"widget\" data-widget_type=\"text-editor.default\">\n\t\t\t\t<div class=\"elementor-widget-container\">\n\t\t\t\t\t\t\t<p>Root Extraction<\/p>\t\t\t\t\t\t<\/div>\n\t\t\t\t<\/div>\n\t\t\t\t<div class=\"elementor-element elementor-element-aeb07b6 elementor-widget elementor-widget-text-editor\" data-id=\"aeb07b6\" data-element_type=\"widget\" data-widget_type=\"text-editor.default\">\n\t\t\t\t<div class=\"elementor-widget-container\">\n\t\t\t\t\t\t\t<p>Root extraction is a procedure that is performed when root remnants remain after the entire tooth has been removed or when these remnants cause infection.<\/p><p>The removal of the remaining roots of the tooth is usually an oral surgical procedure, performed to eliminate the risk of infection and speed healing. Root extraction allows the alveolar space around the tooth to be cleaned and infected tissues removed.<\/p><p>This procedure must be performed carefully by the dentist and requires a careful healing process to avoid the risk of infection after treatment.<\/p>\t\t\t\t\t\t<\/div>\n\t\t\t\t<\/div>\n\t\t\t\t<div class=\"elementor-element elementor-element-829f219 elementor-position-left elementor-vertical-align-top elementor-widget elementor-widget-image-box\" data-id=\"829f219\" data-element_type=\"widget\" data-widget_type=\"image-box.default\">\n\t\t\t\t<div class=\"elementor-widget-container\">\n\t\t\t<div class=\"elementor-image-box-wrapper\"><figure class=\"elementor-image-box-img\"><img decoding=\"async\" width=\"256\" height=\"256\" src=\"https:\/\/eryamandentport.com.tr\/wp-content\/uploads\/2023\/02\/bright.png\" class=\"attachment-full size-full wp-image-26841\" alt=\"\" srcset=\"https:\/\/eryamandentport.com.tr\/wp-content\/uploads\/2023\/02\/bright.png 256w, https:\/\/eryamandentport.com.tr\/wp-content\/uploads\/2023\/02\/bright-150x150.png 150w\" sizes=\"(max-width: 256px) 100vw, 256px\" \/><\/figure><div class=\"elementor-image-box-content\"><div class=\"elementor-image-box-title\">Attention!<\/div><p class=\"elementor-image-box-description\"> After root extraction, swelling and pain at the procedure site is normal. To reduce swelling and pain, you can use cold compresses and take painkillers recommended by your doctor. Also, avoid putting pressure on the procedure site while eating and opt for liquid foods. Avoid smoking during the healing process, as this can negatively affect healing.<\/p><\/div><\/div>\t\t<\/div>\n\t\t\t\t<\/div>\n\t\t\t\t<div class=\"elementor-element elementor-element-e19d2b6 elementor-widget-mobile__width-inherit elementor-widget elementor-widget-text-editor\" data-id=\"e19d2b6\" data-element_type=\"widget\" data-widget_type=\"text-editor.default\">\n\t\t\t\t<div class=\"elementor-widget-container\">\n\t\t\t\t\t\t\t<p>Impacted wisdom tooth extraction<\/p>\t\t\t\t\t\t<\/div>\n\t\t\t\t<\/div>\n\t\t\t\t<div class=\"elementor-element elementor-element-8f62f64 elementor-widget elementor-widget-text-editor\" data-id=\"8f62f64\" data-element_type=\"widget\" data-widget_type=\"text-editor.default\">\n\t\t\t\t<div class=\"elementor-widget-container\">\n\t\t\t\t\t\t\t<p>Extraction of impacted wisdom teeth may be necessary in individuals with improper jaw structure, if wisdom teeth cannot find enough space or cannot erupt properly. The impacted tooth may remain in the jawbone or under the gum and may not erupt properly, causing pain and infections.<\/p><p>This extraction procedure is not as scary as it is often thought to be. Depending on how much of the tooth is impacted and its position, the treatment process may vary. The removal of the impacted tooth is performed with a surgical intervention according to the position of the tooth.<\/p><p>The healing process after this procedure requires careful care and follow-up.<\/p>\t\t\t\t\t\t<\/div>\n\t\t\t\t<\/div>\n\t\t\t\t<div class=\"elementor-element elementor-element-10112c6 elementor-position-left elementor-vertical-align-top elementor-widget elementor-widget-image-box\" data-id=\"10112c6\" data-element_type=\"widget\" data-widget_type=\"image-box.default\">\n\t\t\t\t<div class=\"elementor-widget-container\">\n\t\t\t<div class=\"elementor-image-box-wrapper\"><figure class=\"elementor-image-box-img\"><img decoding=\"async\" width=\"256\" height=\"256\" src=\"https:\/\/eryamandentport.com.tr\/wp-content\/uploads\/2023\/02\/bright.png\" class=\"attachment-full size-full wp-image-26841\" alt=\"\" srcset=\"https:\/\/eryamandentport.com.tr\/wp-content\/uploads\/2023\/02\/bright.png 256w, https:\/\/eryamandentport.com.tr\/wp-content\/uploads\/2023\/02\/bright-150x150.png 150w\" sizes=\"(max-width: 256px) 100vw, 256px\" \/><\/figure><div class=\"elementor-image-box-content\"><div class=\"elementor-image-box-title\">Attention!<\/div><p class=\"elementor-image-box-description\">After an impacted tooth extraction, swelling, pain and bruising may occur at the procedure site. These symptoms are normal and will subside within a few days. You can reduce the swelling by using cold compresses and take painkillers as recommended by your doctor. You should also eat soft foods and avoid hot or hard foods, paying attention to the procedure site. During the healing process, pay attention to oral hygiene and take the medication recommended by your doctor regularly.<\/p><\/div><\/div>\t\t<\/div>\n\t\t\t\t<\/div>\n\t\t\t\t\t<\/div>\n\t\t<\/div>\n\t\t\t\t<div class=\"elementor-column elementor-col-50 elementor-inner-column elementor-element elementor-element-e35bbb8 elementor-invisible\" data-id=\"e35bbb8\" data-element_type=\"column\" data-settings=\"{&quot;animation&quot;:&quot;fadeIn&quot;,&quot;animation_delay&quot;:200,&quot;background_background&quot;:&quot;classic&quot;}\">\n\t\t\t<div class=\"elementor-widget-wrap elementor-element-populated\">\n\t\t\t\t\t\t<div class=\"elementor-element elementor-element-0d67fe7 elementor-widget elementor-widget-image\" data-id=\"0d67fe7\" data-element_type=\"widget\" data-settings=\"{&quot;_animation&quot;:&quot;none&quot;}\" data-widget_type=\"image.default\">\n\t\t\t\t<div class=\"elementor-widget-container\">\n\t\t\t\t\t\t\t\t\t\t\t\t\t<img decoding=\"async\" width=\"560\" height=\"720\" src=\"https:\/\/eryamandentport.com.tr\/wp-content\/uploads\/2024\/11\/dentporte-tedavi-hizmetleri-25.png\" class=\"attachment-large size-large wp-image-28245\" alt=\"\" srcset=\"https:\/\/eryamandentport.com.tr\/wp-content\/uploads\/2024\/11\/dentporte-tedavi-hizmetleri-25.png 560w, https:\/\/eryamandentport.com.tr\/wp-content\/uploads\/2024\/11\/dentporte-tedavi-hizmetleri-25-233x300.png 233w\" sizes=\"(max-width: 560px) 100vw, 560px\" \/>\t\t\t\t\t\t\t\t\t\t\t\t\t<\/div>\n\t\t\t\t<\/div>\n\t\t\t\t\t<\/div>\n\t\t<\/div>\n\t\t\t\t\t<\/div>\n\t\t<\/section>\n\t\t\t\t\t<\/div>\n\t\t<\/div>\n\t\t\t\t\t<\/div>\n\t\t<\/section>\n\t\t\t\t<section class=\"elementor-section elementor-top-section elementor-element elementor-element-2d0c4df elementor-section-boxed elementor-section-height-default elementor-section-height-default\" data-id=\"2d0c4df\" data-element_type=\"section\" data-settings=\"{&quot;background_background&quot;:&quot;classic&quot;}\">\n\t\t\t\t\t\t\t<div class=\"elementor-background-overlay\"><\/div>\n\t\t\t\t\t\t\t<div class=\"elementor-container elementor-column-gap-default\">\n\t\t\t\t\t<div class=\"elementor-column elementor-col-100 elementor-top-column elementor-element elementor-element-654fc20\" data-id=\"654fc20\" data-element_type=\"column\">\n\t\t\t<div class=\"elementor-widget-wrap elementor-element-populated\">\n\t\t\t\t\t\t<section class=\"elementor-section elementor-inner-section elementor-element elementor-element-7ad8126 elementor-section-boxed elementor-section-height-default elementor-section-height-default elementor-invisible\" data-id=\"7ad8126\" data-element_type=\"section\" data-settings=\"{&quot;animation&quot;:&quot;fadeIn&quot;,&quot;animation_delay&quot;:100}\">\n\t\t\t\t\t\t<div class=\"elementor-container elementor-column-gap-default\">\n\t\t\t\t\t<div class=\"elementor-column elementor-col-66 elementor-inner-column elementor-element elementor-element-7ea94ec\" data-id=\"7ea94ec\" data-element_type=\"column\">\n\t\t\t<div class=\"elementor-widget-wrap elementor-element-populated\">\n\t\t\t\t\t\t<div class=\"elementor-element elementor-element-ce8aff9 elementor-widget-mobile__width-inherit elementor-widget elementor-widget-text-editor\" data-id=\"ce8aff9\" data-element_type=\"widget\" data-widget_type=\"text-editor.default\">\n\t\t\t\t<div class=\"elementor-widget-container\">\n\t\t\t\t\t\t\t<p><span style=\"color: #4268d2;\">Our Physicians\u00a0<\/span>Meet with<\/p>\t\t\t\t\t\t<\/div>\n\t\t\t\t<\/div>\n\t\t\t\t\t<\/div>\n\t\t<\/div>\n\t\t\t\t<div class=\"elementor-column elementor-col-33 elementor-inner-column elementor-element elementor-element-7e469b9\" data-id=\"7e469b9\" data-element_type=\"column\">\n\t\t\t<div class=\"elementor-widget-wrap elementor-element-populated\">\n\t\t\t\t\t\t<div class=\"elementor-element elementor-element-574fe6c elementor-widget elementor-widget-text-editor\" data-id=\"574fe6c\" data-element_type=\"widget\" data-widget_type=\"text-editor.default\">\n\t\t\t\t<div class=\"elementor-widget-container\">\n\t\t\t\t\t\t\t<p>The experienced physicians of our clinic work diligently for your healthy and aesthetic smiles. Meet our specialists and discover solutions specific to your needs.<\/p>\t\t\t\t\t\t<\/div>\n\t\t\t\t<\/div>\n\t\t\t\t<div class=\"elementor-element elementor-element-6ea8f48 elementor-align-left elementor-tablet-align-center elementor-widget elementor-widget-button\" data-id=\"6ea8f48\" data-element_type=\"widget\" data-widget_type=\"button.default\">\n\t\t\t\t<div class=\"elementor-widget-container\">\n\t\t\t\t\t\t\t<div class=\"elementor-button-wrapper\">\n\t\t\t\t\t<a class=\"elementor-button elementor-button-link elementor-size-xl\" href=\"\/en\/hekimlerimiz\/\">\n\t\t\t\t\t\t<span class=\"elementor-button-content-wrapper\">\n\t\t\t\t\t\t<span class=\"elementor-button-icon\">\n\t\t\t\t<i aria-hidden=\"true\" class=\"fas fa-angle-double-right\"><\/i>\t\t\t<\/span>\n\t\t\t\t\t\t\t\t\t<span class=\"elementor-button-text\">Our Physicians<\/span>\n\t\t\t\t\t<\/span>\n\t\t\t\t\t<\/a>\n\t\t\t\t<\/div>\n\t\t\t\t\t\t<\/div>\n\t\t\t\t<\/div>\n\t\t\t\t\t<\/div>\n\t\t<\/div>\n\t\t\t\t\t<\/div>\n\t\t<\/section>\n\t\t\t\t\t<\/div>\n\t\t<\/div>\n\t\t\t\t\t<\/div>\n\t\t<\/section>\n\t\t\t\t<\/div>","protected":false},"excerpt":{"rendered":"<p>Di\u015f \u00c7ekimi Di\u015f sa\u011fl\u0131\u011f\u0131n\u0131za dair t\u00fcm ihtiya\u00e7lar\u0131n\u0131zda yan\u0131n\u0131zday\u0131z. Randevu almak i\u00e7in bize ula\u015f\u0131n! \u0130leti\u015fim Di\u015f \u00c7ekimi Di\u015f \u00e7ekimi, lokal anestezi alt\u0131nda ger\u00e7ekle\u015ftirilen, di\u015fin kemikteki yuvas\u0131ndan (soket) cerrahi m\u00fcdahale ile \u00e7\u0131kar\u0131lmas\u0131 i\u015flemidir. Bu i\u015flem, genellikle di\u015fin iyile\u015fme s\u00fcrecinde t\u0131kanma, enfeksiyon veya ciddi \u00e7\u00fcr\u00fck gibi sorunlar oldu\u011funda uygulan\u0131r. Di\u015f \u00e7ekimi genellikle ayakta tedavi \u015feklinde yap\u0131l\u0131r ve i\u015flem [&hellip;]<\/p>","protected":false},"author":1,"featured_media":0,"parent":0,"menu_order":0,"comment_status":"closed","ping_status":"closed","template":"page-templates\/template-full-width-page-without-header-title.php","meta":{"footnotes":""},"class_list":["post-27937","page","type-page","status-publish","hentry"],"_links":{"self":[{"href":"https:\/\/eryamandentport.com.tr\/en\/wp-json\/wp\/v2\/pages\/27937","targetHints":{"allow":["GET"]}}],"collection":[{"href":"https:\/\/eryamandentport.com.tr\/en\/wp-json\/wp\/v2\/pages"}],"about":[{"href":"https:\/\/eryamandentport.com.tr\/en\/wp-json\/wp\/v2\/types\/page"}],"author":[{"embeddable":true,"href":"https:\/\/eryamandentport.com.tr\/en\/wp-json\/wp\/v2\/users\/1"}],"replies":[{"embeddable":true,"href":"https:\/\/eryamandentport.com.tr\/en\/wp-json\/wp\/v2\/comments?post=27937"}],"version-history":[{"count":0,"href":"https:\/\/eryamandentport.com.tr\/en\/wp-json\/wp\/v2\/pages\/27937\/revisions"}],"wp:attachment":[{"href":"https:\/\/eryamandentport.com.tr\/en\/wp-json\/wp\/v2\/media?parent=27937"}],"curies":[{"name":"wp","href":"https:\/\/api.w.org\/{rel}","templated":true}]}}